{"id":2614,"date":"2025-10-14T23:47:22","date_gmt":"2025-10-14T23:47:22","guid":{"rendered":"https:\/\/sacred-alquimia.com\/?page_id=2614"},"modified":"2026-02-12T01:55:18","modified_gmt":"2026-02-12T01:55:18","slug":"sesiones","status":"publish","type":"page","link":"https:\/\/sacred-alquimia.com\/en\/sesiones\/","title":{"rendered":"Sessions"},"content":{"rendered":"<p>[et_pb_section fb_built=\u00bb1&#8243; _builder_version=\u00bb4.27.4&#8243; _module_preset=\u00bbdefault\u00bb use_background_color_gradient=\u00bbon\u00bb background_color_gradient_stops=\u00bbrgba(0,0,0,0.46) 0%|rgba(0,0,0,0.34) 99%\u00bb background_color_gradient_overlays_image=\u00bbon\u00bb background_image=\u00bbhttps:\/\/sacred-alquimia.com\/wp-content\/uploads\/2025\/10\/FOTO-CAMBIO-DE-PESNANA-SESIONES-En-vez-de-la-del-sombrero-.jpg\u00bb custom_padding=\u00bb363px||113px|||\u00bb global_colors_info=\u00bb{}\u00bb][et_pb_row _builder_version=\u00bb4.27.4&#8243; _module_preset=\u00bbdefault\u00bb global_colors_info=\u00bb{}\u00bb][et_pb_column type=\u00bb4_4&#8243; _builder_version=\u00bb4.27.4&#8243; _module_preset=\u00bbdefault\u00bb global_colors_info=\u00bb{}\u00bb][et_pb_heading title=\u00bbSesiones\u00bb _builder_version=\u00bb4.27.4&#8243; _module_preset=\u00bbdefault\u00bb title_font=\u00bbCormorant Garamond||||||||\u00bb title_text_color=\u00bb#FFFFFF\u00bb title_font_size=\u00bb95px\u00bb global_colors_info=\u00bb{}\u00bb][\/et_pb_heading][et_pb_text _builder_version=\u00bb4.27.4&#8243; _module_preset=\u00bbdefault\u00bb text_font=\u00bbLato||||||||\u00bb text_text_color=\u00bb#FFFFFF\u00bb text_font_size=\u00bb17px\u00bb background_color=\u00bbrgba(163,0,81,0.4)\u00bb custom_margin=\u00bb|||-22px||\u00bb custom_padding=\u00bb23px|21px|23px|21px|true|true\u00bb border_radii=\u00bbon|19px|19px|19px|19px\u00bb global_colors_info=\u00bb{}\u00bb]<\/p>\n<p><strong>Acompa\u00f1o a mujeres en un viaje de reconexi\u00f3n profunda con su cuerpo y su sexualidad.<\/strong><\/p>\n<p>A trav\u00e9s del m\u00e9todo Sacred Alquimia, despertamos el cuerpo, reclamamos el poder er\u00f3tico y expandimos el placer m\u00e1s all\u00e1 de la intimidad \u2014 hacia cada \u00e1rea de la vida. Este es el camino de regreso a ti misma: donde abrazas tu luz, encarnas tu soberan\u00eda y vives desde tu sensualidad m\u00e1s aut\u00e9ntica.<\/p>\n<p>[\/et_pb_text][\/et_pb_column][\/et_pb_row][\/et_pb_section][et_pb_section fb_built=\u00bb1&#8243; _builder_version=\u00bb4.27.4&#8243; _module_preset=\u00bbdefault\u00bb background_color=\u00bbgcid-c2e9a00f-076e-45b6-abc2-26179009b8e1&#8243; global_colors_info=\u00bb{%22gcid-c2e9a00f-076e-45b6-abc2-26179009b8e1%22:%91%22background_color%22%93}\u00bb][et_pb_row _builder_version=\u00bb4.27.4&#8243; _module_preset=\u00bbdefault\u00bb global_colors_info=\u00bb{}\u00bb][et_pb_column type=\u00bb4_4&#8243; _builder_version=\u00bb4.27.4&#8243; _module_preset=\u00bbdefault\u00bb global_colors_info=\u00bb{}\u00bb][et_pb_text _builder_version=\u00bb4.27.4&#8243; _module_preset=\u00bbdefault\u00bb text_font=\u00bbCormorant Garamond||||||||\u00bb text_text_color=\u00bbgcid-4c84ca0d-f402-457c-97ad-68c302d323b8&#8243; text_font_size=\u00bb50px\u00bb text_line_height=\u00bb1.1em\u00bb text_orientation=\u00bbcenter\u00bb global_colors_info=\u00bb{%22gcid-4c84ca0d-f402-457c-97ad-68c302d323b8%22:%91%22text_text_color%22%93}\u00bb]Si est\u00e1s interesada en consultas personales o de pareja, agenda tu sesi\u00f3n y empieza a abrir la puerta hacia una vida m\u00e1s consciente, conectada y expansiva.[\/et_pb_text][et_pb_contact_form captcha=\u00bboff\u00bb email=\u00bbinfo@scred-alquimia.com\u00bb custom_message=\u00bbSESIONES||et_pb_line_break_holder||Nombre: %%name%%||et_pb_line_break_holder||Email: %%email%%||et_pb_line_break_holder||Mensaje: %%message%%||et_pb_line_break_holder||web@sacred-alquimia.com\u00bb _builder_version=\u00bb4.27.5&#8243; _module_preset=\u00bbdefault\u00bb _unique_id=\u00bbb604d24c-ed60-48db-914f-b61db46e3221&#8243; form_field_background_color=\u00bb#FFFFFF\u00bb form_field_font=\u00bbOswald||||||||\u00bb custom_button=\u00bbon\u00bb button_text_color=\u00bbgcid-4c84ca0d-f402-457c-97ad-68c302d323b8&#8243; button_font=\u00bbOswald||||||||\u00bb hover_enabled=\u00bb0&#8243; global_colors_info=\u00bb{%22gcid-4c84ca0d-f402-457c-97ad-68c302d323b8%22:%91%22button_text_color%22%93}\u00bb sticky_enabled=\u00bb0&#8243;][et_pb_contact_field field_id=\u00bbName\u00bb field_title=\u00bbNombre\u00bb _builder_version=\u00bb4.27.4&#8243; form_field_font=\u00bbLato||||||||\u00bb global_colors_info=\u00bb{}\u00bb button_text_size__hover_enabled=\u00bboff\u00bb button_one_text_size__hover_enabled=\u00bboff\u00bb button_two_text_size__hover_enabled=\u00bboff\u00bb button_text_color__hover_enabled=\u00bboff\u00bb button_one_text_color__hover_enabled=\u00bboff\u00bb button_two_text_color__hover_enabled=\u00bboff\u00bb button_border_width__hover_enabled=\u00bboff\u00bb button_one_border_width__hover_enabled=\u00bboff\u00bb button_two_border_width__hover_enabled=\u00bboff\u00bb button_border_color__hover_enabled=\u00bboff\u00bb button_one_border_color__hover_enabled=\u00bboff\u00bb button_two_border_color__hover_enabled=\u00bboff\u00bb button_border_radius__hover_enabled=\u00bboff\u00bb button_one_border_radius__hover_enabled=\u00bboff\u00bb button_two_border_radius__hover_enabled=\u00bboff\u00bb button_letter_spacing__hover_enabled=\u00bboff\u00bb button_one_letter_spacing__hover_enabled=\u00bboff\u00bb button_two_letter_spacing__hover_enabled=\u00bboff\u00bb button_bg_color__hover_enabled=\u00bboff\u00bb button_one_bg_color__hover_enabled=\u00bboff\u00bb button_two_bg_color__hover_enabled=\u00bboff\u00bb][\/et_pb_contact_field][et_pb_contact_field field_id=\u00bbEmail\u00bb field_title=\u00bbDirecci\u00f3n de correo electr\u00f3nico\u00bb field_type=\u00bbemail\u00bb _builder_version=\u00bb4.27.4&#8243; form_field_font=\u00bbLato||||||||\u00bb global_colors_info=\u00bb{}\u00bb button_text_size__hover_enabled=\u00bboff\u00bb button_one_text_size__hover_enabled=\u00bboff\u00bb button_two_text_size__hover_enabled=\u00bboff\u00bb button_text_color__hover_enabled=\u00bboff\u00bb button_one_text_color__hover_enabled=\u00bboff\u00bb button_two_text_color__hover_enabled=\u00bboff\u00bb button_border_width__hover_enabled=\u00bboff\u00bb button_one_border_width__hover_enabled=\u00bboff\u00bb button_two_border_width__hover_enabled=\u00bboff\u00bb button_border_color__hover_enabled=\u00bboff\u00bb button_one_border_color__hover_enabled=\u00bboff\u00bb button_two_border_color__hover_enabled=\u00bboff\u00bb button_border_radius__hover_enabled=\u00bboff\u00bb button_one_border_radius__hover_enabled=\u00bboff\u00bb button_two_border_radius__hover_enabled=\u00bboff\u00bb button_letter_spacing__hover_enabled=\u00bboff\u00bb button_one_letter_spacing__hover_enabled=\u00bboff\u00bb button_two_letter_spacing__hover_enabled=\u00bboff\u00bb button_bg_color__hover_enabled=\u00bboff\u00bb button_one_bg_color__hover_enabled=\u00bboff\u00bb button_two_bg_color__hover_enabled=\u00bboff\u00bb][\/et_pb_contact_field][et_pb_contact_field field_id=\u00bbMessage\u00bb field_title=\u00bbMensaje\u00bb field_type=\u00bbtext\u00bb fullwidth_field=\u00bbon\u00bb _builder_version=\u00bb4.27.4&#8243; form_field_font=\u00bbLato||||||||\u00bb global_colors_info=\u00bb{}\u00bb button_text_size__hover_enabled=\u00bboff\u00bb button_one_text_size__hover_enabled=\u00bboff\u00bb button_two_text_size__hover_enabled=\u00bboff\u00bb button_text_color__hover_enabled=\u00bboff\u00bb button_one_text_color__hover_enabled=\u00bboff\u00bb button_two_text_color__hover_enabled=\u00bboff\u00bb button_border_width__hover_enabled=\u00bboff\u00bb button_one_border_width__hover_enabled=\u00bboff\u00bb button_two_border_width__hover_enabled=\u00bboff\u00bb button_border_color__hover_enabled=\u00bboff\u00bb button_one_border_color__hover_enabled=\u00bboff\u00bb button_two_border_color__hover_enabled=\u00bboff\u00bb button_border_radius__hover_enabled=\u00bboff\u00bb button_one_border_radius__hover_enabled=\u00bboff\u00bb button_two_border_radius__hover_enabled=\u00bboff\u00bb button_letter_spacing__hover_enabled=\u00bboff\u00bb button_one_letter_spacing__hover_enabled=\u00bboff\u00bb button_two_letter_spacing__hover_enabled=\u00bboff\u00bb button_bg_color__hover_enabled=\u00bboff\u00bb button_one_bg_color__hover_enabled=\u00bboff\u00bb button_two_bg_color__hover_enabled=\u00bboff\u00bb][\/et_pb_contact_field][\/et_pb_contact_form][\/et_pb_column][\/et_pb_row][\/et_pb_section]<\/p>\n","protected":false},"excerpt":{"rendered":"<p>Acompa\u00f1o a mujeres en un viaje de reconexi\u00f3n profunda con su cuerpo y su sexualidad. A trav\u00e9s del m\u00e9todo Sacred Alquimia, despertamos el cuerpo, reclamamos el poder er\u00f3tico y expandimos el placer m\u00e1s all\u00e1 de la intimidad \u2014 hacia cada \u00e1rea de la vida. Este es el camino de regreso a ti misma: donde abrazas [&hellip;]<\/p>\n","protected":false},"author":1,"featured_media":0,"parent":0,"menu_order":0,"comment_status":"closed","ping_status":"closed","template":"","meta":{"_et_pb_use_builder":"on","_et_pb_old_content":"","_et_gb_content_width":"","footnotes":""},"class_list":["post-2614","page","type-page","status-publish","hentry"],"_links":{"self":[{"href":"https:\/\/sacred-alquimia.com\/en\/wp-json\/wp\/v2\/pages\/2614","targetHints":{"allow":["GET"]}}],"collection":[{"href":"https:\/\/sacred-alquimia.com\/en\/wp-json\/wp\/v2\/pages"}],"about":[{"href":"https:\/\/sacred-alquimia.com\/en\/wp-json\/wp\/v2\/types\/page"}],"author":[{"embeddable":true,"href":"https:\/\/sacred-alquimia.com\/en\/wp-json\/wp\/v2\/users\/1"}],"replies":[{"embeddable":true,"href":"https:\/\/sacred-alquimia.com\/en\/wp-json\/wp\/v2\/comments?post=2614"}],"version-history":[{"count":10,"href":"https:\/\/sacred-alquimia.com\/en\/wp-json\/wp\/v2\/pages\/2614\/revisions"}],"predecessor-version":[{"id":2809,"href":"https:\/\/sacred-alquimia.com\/en\/wp-json\/wp\/v2\/pages\/2614\/revisions\/2809"}],"wp:attachment":[{"href":"https:\/\/sacred-alquimia.com\/en\/wp-json\/wp\/v2\/media?parent=2614"}],"curies":[{"name":"wp","href":"https:\/\/api.w.org\/{rel}","templated":true}]}}