{"id":2557,"date":"2025-10-14T21:42:41","date_gmt":"2025-10-14T21:42:41","guid":{"rendered":"https:\/\/sacred-alquimia.com\/?page_id=2557"},"modified":"2026-01-29T16:26:33","modified_gmt":"2026-01-29T16:26:33","slug":"cursos-programas-sexualidad-sagrada","status":"publish","type":"page","link":"https:\/\/sacred-alquimia.com\/en\/cursos-programas-sexualidad-sagrada\/","title":{"rendered":"Cursos \/ Programas Sexualidad Sagrada"},"content":{"rendered":"<p>[et_pb_section fb_built=\u00bb1&#8243; _builder_version=\u00bb4.27.4&#8243; _module_preset=\u00bbdefault\u00bb use_background_color_gradient=\u00bbon\u00bb background_color_gradient_stops=\u00bbrgba(0,0,0,0.5) 0%|rgba(0,0,0,0.06) 100%\u00bb background_color_gradient_overlays_image=\u00bbon\u00bb background_image=\u00bbhttps:\/\/sacred-alquimia.com\/wp-content\/uploads\/2025\/10\/FOTO-PRINCIPAL-1.jpg\u00bb custom_padding=\u00bb254px||55px|||\u00bb global_colors_info=\u00bb{}\u00bb][et_pb_row _builder_version=\u00bb4.27.4&#8243; _module_preset=\u00bbdefault\u00bb custom_margin=\u00bb107px|auto||auto||\u00bb global_colors_info=\u00bb{}\u00bb][et_pb_column type=\u00bb4_4&#8243; _builder_version=\u00bb4.27.4&#8243; _module_preset=\u00bbdefault\u00bb global_colors_info=\u00bb{}\u00bb][et_pb_heading title=\u00bbProgramas Sexualidad Sagrada\u00bb _builder_version=\u00bb4.27.5&#8243; _module_preset=\u00bbdefault\u00bb title_font=\u00bbCormorant Garamond||||||||\u00bb title_text_align=\u00bbcenter\u00bb title_text_color=\u00bb#FFFFFF\u00bb title_font_size=\u00bb88px\u00bb custom_margin=\u00bb153px|||||\u00bb hover_enabled=\u00bb0&#8243; global_colors_info=\u00bb{}\u00bb title_font_size_last_edited=\u00bbon|phone\u00bb title_font_size_phone=\u00bb66px\u00bb sticky_enabled=\u00bb0&#8243; title_font_size_tablet=\u00bb88px\u00bb][\/et_pb_heading][et_pb_text _builder_version=\u00bb4.27.5&#8243; _module_preset=\u00bbdefault\u00bb text_font=\u00bbCormorant|300|||||||\u00bb text_text_color=\u00bb#FFFFFF\u00bb text_font_size=\u00bb25px\u00bb text_line_height=\u00bb1.3em\u00bb text_orientation=\u00bbcenter\u00bb custom_margin=\u00bb48px|||||\u00bb custom_padding=\u00bb|89px||87px||\u00bb global_colors_info=\u00bb{}\u00bb custom_padding_last_edited=\u00bbon|phone\u00bb custom_padding_phone=\u00bb|17px||17px|false|true\u00bb custom_padding_tablet=\u00bb|89px||87px||\u00bb]<\/p>\n<p>Sum\u00e9rgete en el mundo de <em><strong>Sacred Alquimia<\/strong><\/em> un mundo profundo y delicioso: cursos, talleres y experiencias guiadas que despiertan tu sensualidad, nutren tu alma y <em><strong>enciende tu poder interior.<\/strong><\/em><\/p>\n<p>[\/et_pb_text][\/et_pb_column][\/et_pb_row][\/et_pb_section][et_pb_section fb_built=\u00bb1&#8243; _builder_version=\u00bb4.27.4&#8243; _module_preset=\u00bbdefault\u00bb background_color=\u00bbrgba(224,153,0,0.34)\u00bb overflow-x=\u00bbhidden\u00bb overflow-y=\u00bbhidden\u00bb custom_padding=\u00bb10px||10px||true|false\u00bb global_colors_info=\u00bb{}\u00bb][et_pb_row _builder_version=\u00bb4.24.2&#8243; _module_preset=\u00bbdefault\u00bb width=\u00bb100%\u00bb max_width=\u00bbnone\u00bb custom_padding=\u00bb0px||0px||true|false\u00bb global_colors_info=\u00bb{}\u00bb][et_pb_column type=\u00bb4_4&#8243; _builder_version=\u00bb4.24.2&#8243; _module_preset=\u00bbdefault\u00bb global_colors_info=\u00bb{}\u00bb][et_pb_heading title=\u00bb\u2022 Comienza tu viaje interior \u2022 Comienza tu viaje interior \u2022 Comienza tu viaje interior \u2022 Comienza tu viaje interior \u2022 Comienza tu viaje interior \u00bb _builder_version=\u00bb4.27.4&#8243; _module_preset=\u00bb_initial\u00bb title_level=\u00bbh4&#8243; title_font=\u00bbCormorant Garamond|800|||||||\u00bb title_text_align=\u00bbcenter\u00bb title_text_color=\u00bbgcid-8e075c70-a60d-4cd6-b195-395f647b5355&#8243; title_font_size=\u00bb2vw\u00bb title_letter_spacing=\u00bb0.04em\u00bb title_line_height=\u00bb1.4em\u00bb width=\u00bb180vw\u00bb custom_margin=\u00bb|||-40vw|false|false\u00bb custom_padding=\u00bb||||false|false\u00bb scroll_horizontal_motion_enable=\u00bbon\u00bb scroll_horizontal_motion=\u00bb0|50|50|100|2|0|-2&#8243; custom_css_free_form=\u00bbselector h4 {padding-bottom: 0;}\u00bb global_colors_info=\u00bb{%22gcid-8e075c70-a60d-4cd6-b195-395f647b5355%22:%91%22title_text_color%22%93}\u00bb][\/et_pb_heading][\/et_pb_column][\/et_pb_row][\/et_pb_section][et_pb_section fb_built=\u00bb1&#8243; admin_label=\u00bbAbout\u00bb _builder_version=\u00bb4.27.4&#8243; _module_preset=\u00bbdefault\u00bb background_color=\u00bbgcid-c2e9a00f-076e-45b6-abc2-26179009b8e1&#8243; custom_padding=\u00bb60px|60px|60px|60px|true|true\u00bb global_colors_info=\u00bb{%22gcid-c2e9a00f-076e-45b6-abc2-26179009b8e1%22:%91%22background_color%22%93}\u00bb][et_pb_row column_structure=\u00bb3_5,2_5&#8243; _builder_version=\u00bb4.24.3&#8243; _module_preset=\u00bbdefault\u00bb width=\u00bb100%\u00bb max_width=\u00bbnone\u00bb custom_padding=\u00bb0px||0px||true|false\u00bb global_colors_info=\u00bb{}\u00bb][et_pb_column type=\u00bb3_5&#8243; _builder_version=\u00bb4.24.3&#8243; _module_preset=\u00bbdefault\u00bb global_colors_info=\u00bb{}\u00bb][et_pb_image src=\u00bbhttps:\/\/sacred-alquimia.com\/wp-content\/uploads\/2025\/10\/00297a47a6c277afb1c663d047438ace-1.jpg\u00bb title_text=\u00bb00297a47a6c277afb1c663d047438ace\u00bb force_fullwidth=\u00bbon\u00bb _builder_version=\u00bb4.27.4&#8243; _module_preset=\u00bbdefault\u00bb border_radii=\u00bbon|20px|20px|20px|20px\u00bb global_colors_info=\u00bb{}\u00bb][\/et_pb_image][\/et_pb_column][et_pb_column type=\u00bb2_5&#8243; _builder_version=\u00bb4.24.2&#8243; _module_preset=\u00bbdefault\u00bb custom_padding=\u00bb8vw||||false|false\u00bb custom_padding_tablet=\u00bb0vw||||false|false\u00bb custom_padding_phone=\u00bb0vw||||false|false\u00bb custom_padding_last_edited=\u00bbon|desktop\u00bb global_colors_info=\u00bb{}\u00bb][et_pb_heading title=\u00bbTaller en l\u00ednea\u00bb _builder_version=\u00bb4.27.4&#8243; _module_preset=\u00bb_initial\u00bb title_level=\u00bbh2&#8243; title_font=\u00bbCormorant Garamond||||||||\u00bb title_text_color=\u00bbgcid-4c84ca0d-f402-457c-97ad-68c302d323b8&#8243; title_font_size=\u00bb8vw\u00bb custom_margin=\u00bb-92px||10px||false|false\u00bb title_font_size_tablet=\u00bb40px\u00bb title_font_size_phone=\u00bb28px\u00bb title_font_size_last_edited=\u00bbon|phone\u00bb global_colors_info=\u00bb{%22gcid-4c84ca0d-f402-457c-97ad-68c302d323b8%22:%91%22title_text_color%22%93}\u00bb][\/et_pb_heading][et_pb_text quote_border_color=\u00bb#5791ff\u00bb _builder_version=\u00bb4.27.4&#8243; _module_preset=\u00bb_initial\u00bb text_font=\u00bbCormorant|300|||||||\u00bb text_font_size=\u00bb19px\u00bb text_line_height=\u00bb1.75em\u00bb link_font=\u00bb|700|||||||\u00bb link_text_color=\u00bb#5791ff\u00bb quote_font=\u00bb|700|||||||\u00bb quote_text_color=\u00bb#5791ff\u00bb text_font_size_tablet=\u00bb15px\u00bb text_font_size_phone=\u00bb14px\u00bb text_font_size_last_edited=\u00bbon|phone\u00bb global_colors_info=\u00bb{}\u00bb]<\/p>\n<p><em><strong>Conecta con tu cuerpo y tu sexualidad<\/strong><\/em><br \/>Es un curso en l\u00ednea transformacional dise\u00f1ado para mujeres que desean reconectarse profundamente con su cuerpo, su sexualidad, su creatividad y su poder interno. A trav\u00e9s de pr\u00e1cticas ancestrales y modernas como el tantra, la respiraci\u00f3n, el movimiento som\u00e1tico, el trabajo con la vulva, la magia sexual y la integraci\u00f3n del placer con la consciencia, este curso te gu\u00eda hacia una vida m\u00e1s aut\u00e9ntica, plena y en armon\u00eda con tu ciclo natural. <strong>Es una invitaci\u00f3n a transmutar heridas en sabidur\u00eda, verg\u00fcenza en libertad, y deseo en gu\u00eda espiritual.<\/strong><\/p>\n<p>Es un curso en l\u00ednea de 5 semanas para reconectar con tu cuerpo y tu sexualidad. Al inscribirte, obtendr\u00e1s acceso inmediato a los 5 m\u00f3dulos, que incluyen videos con ejercicios, meditaciones guiadas y tareas para integrar cada tema durante la semana.<br \/>Es ideal para quienes desean explorar su energ\u00eda sexual y corporal a su propio ritmo y en su propio tiempo. Tendr\u00e1s acceso al curso completo durante 3 meses, para que puedas revisitar las pr\u00e1cticas tantas veces como lo necesites.<\/p>\n<p>[\/et_pb_text][\/et_pb_column][\/et_pb_row][\/et_pb_section][et_pb_section fb_built=\u00bb1&#8243; admin_label=\u00bbCategory\u00bb _builder_version=\u00bb4.27.4&#8243; _module_preset=\u00bbdefault\u00bb background_color=\u00bbgcid-c2e9a00f-076e-45b6-abc2-26179009b8e1&#8243; custom_padding=\u00bb5px|60px|5px|60px|true|true\u00bb global_colors_info=\u00bb{%22gcid-c2e9a00f-076e-45b6-abc2-26179009b8e1%22:%91%22background_color%22%93}\u00bb][et_pb_row column_structure=\u00bb1_3,1_3,1_3&#8243; _builder_version=\u00bb4.27.4&#8243; _module_preset=\u00bbdefault\u00bb background_enable_image=\u00bboff\u00bb width=\u00bb100%\u00bb max_width=\u00bbnone\u00bb custom_padding=\u00bb30px||30px||true|false\u00bb global_colors_info=\u00bb{}\u00bb][et_pb_column type=\u00bb1_3&#8243; _builder_version=\u00bb4.27.4&#8243; _module_preset=\u00bbdefault\u00bb use_background_color_gradient=\u00bbon\u00bb background_color_gradient_direction=\u00bb181deg\u00bb background_color_gradient_stops=\u00bbrgba(255,255,255,0) 50%|rgba(0,0,0,0.4) 100%\u00bb background_color_gradient_overlays_image=\u00bbon\u00bb background_image=\u00bbhttps:\/\/sacred-alquimia.com\/wp-content\/uploads\/2025\/10\/16da0fc114b9c6443b28a83c9cf0df33.jpg\u00bb custom_padding=\u00bb36vw|2vw|2vw|2vw|false|true\u00bb custom_padding_last_edited=\u00bboff|desktop\u00bb border_radii=\u00bbon|20px|20px|20px|20px\u00bb global_colors_info=\u00bb{}\u00bb custom_padding__hover_enabled=\u00bbon|hover\u00bb custom_padding__hover=\u00bb35vw||3vw||false|true\u00bb][et_pb_heading title=\u00bbM\u00f3dulo 1: Enraizar y Regular el Sistema Nervioso\u00bb _builder_version=\u00bb4.27.4&#8243; _module_preset=\u00bb_initial\u00bb title_level=\u00bbh3&#8243; title_font=\u00bbCormorant Garamond||||||||\u00bb title_text_color=\u00bb#FFFFFF\u00bb title_font_size=\u00bb23px\u00bb title_line_height=\u00bb1.3em\u00bb title_font_size_tablet=\u00bb22px\u00bb title_font_size_phone=\u00bb18px\u00bb title_font_size_last_edited=\u00bbon|phone\u00bb global_colors_info=\u00bb{}\u00bb][\/et_pb_heading][\/et_pb_column][et_pb_column type=\u00bb1_3&#8243; _builder_version=\u00bb4.27.4&#8243; _module_preset=\u00bbdefault\u00bb use_background_color_gradient=\u00bbon\u00bb background_color_gradient_stops=\u00bbrgba(255,255,255,0) 50%|rgba(0,0,0,0.4) 100%\u00bb background_color_gradient_overlays_image=\u00bbon\u00bb background_image=\u00bbhttps:\/\/sacred-alquimia.com\/wp-content\/uploads\/2025\/10\/foto-modulo-2-.jpg\u00bb custom_padding=\u00bb36vw|2vw|2vw|2vw|false|true\u00bb border_radii=\u00bbon|20px|20px|20px|20px\u00bb global_colors_info=\u00bb{}\u00bb custom_padding__hover_enabled=\u00bbon|desktop\u00bb custom_padding__hover=\u00bb35vw||3vw||false|true\u00bb][et_pb_heading title=\u00bbM\u00f3dulo 2: El Cuerpo sensorial\u00bb _builder_version=\u00bb4.27.4&#8243; _module_preset=\u00bb_initial\u00bb title_level=\u00bbh3&#8243; title_font=\u00bbCormorant Garamond||||||||\u00bb title_text_color=\u00bb#FFFFFF\u00bb title_font_size=\u00bb23px\u00bb title_line_height=\u00bb1.3em\u00bb title_font_size_tablet=\u00bb22px\u00bb title_font_size_phone=\u00bb18px\u00bb title_font_size_last_edited=\u00bbon|phone\u00bb global_colors_info=\u00bb{}\u00bb][\/et_pb_heading][\/et_pb_column][et_pb_column type=\u00bb1_3&#8243; _builder_version=\u00bb4.27.4&#8243; _module_preset=\u00bbdefault\u00bb use_background_color_gradient=\u00bbon\u00bb background_color_gradient_stops=\u00bbrgba(255,255,255,0) 50%|rgba(0,0,0,0.4) 100%\u00bb background_color_gradient_overlays_image=\u00bbon\u00bb background_image=\u00bbhttps:\/\/sacred-alquimia.com\/wp-content\/uploads\/2025\/10\/6abc3da3b8fb5793f955eed0a6a6cb9c.jpg\u00bb custom_padding=\u00bb36vw|2vw|2vw|2vw|false|true\u00bb border_radii=\u00bbon|20px|20px|20px|20px\u00bb global_colors_info=\u00bb{}\u00bb custom_padding__hover_enabled=\u00bbon|desktop\u00bb custom_padding__hover=\u00bb35vw||3vw||false|true\u00bb][et_pb_heading title=\u00bbM\u00f3dulo 3: Conecta con tu Portal\u00bb _builder_version=\u00bb4.27.4&#8243; _module_preset=\u00bb_initial\u00bb title_level=\u00bbh3&#8243; title_font=\u00bbCormorant Garamond||||||||\u00bb title_text_color=\u00bb#FFFFFF\u00bb title_font_size=\u00bb23px\u00bb title_line_height=\u00bb1.3em\u00bb title_font_size_tablet=\u00bb22px\u00bb title_font_size_phone=\u00bb18px\u00bb title_font_size_last_edited=\u00bbon|phone\u00bb global_colors_info=\u00bb{}\u00bb][\/et_pb_heading][\/et_pb_column][\/et_pb_row][et_pb_row column_structure=\u00bb1_3,1_3,1_3&#8243; _builder_version=\u00bb4.27.4&#8243; _module_preset=\u00bbdefault\u00bb background_enable_image=\u00bboff\u00bb width=\u00bb100%\u00bb max_width=\u00bbnone\u00bb custom_padding=\u00bb30px||30px||true|false\u00bb global_colors_info=\u00bb{}\u00bb][et_pb_column type=\u00bb1_3&#8243; _builder_version=\u00bb4.27.4&#8243; _module_preset=\u00bbdefault\u00bb use_background_color_gradient=\u00bbon\u00bb background_color_gradient_direction=\u00bb181deg\u00bb background_color_gradient_stops=\u00bbrgba(255,255,255,0) 50%|rgba(0,0,0,0.4) 100%\u00bb background_color_gradient_overlays_image=\u00bbon\u00bb background_image=\u00bbhttps:\/\/sacred-alquimia.com\/wp-content\/uploads\/2025\/10\/2d7bae23be32553702baa9609017b038.jpg\u00bb custom_padding=\u00bb36vw|2vw|2vw|2vw|false|true\u00bb custom_padding_last_edited=\u00bboff|desktop\u00bb border_radii=\u00bbon|20px|20px|20px|20px\u00bb global_colors_info=\u00bb{}\u00bb custom_padding__hover_enabled=\u00bbon|hover\u00bb custom_padding__hover=\u00bb35vw||3vw||false|true\u00bb][et_pb_heading title=\u00bbM\u00f3dulo 4: Abrir el Coraz\u00f3n y Tejer Placer con Emoci\u00f3n\u00bb _builder_version=\u00bb4.27.4&#8243; _module_preset=\u00bb_initial\u00bb title_level=\u00bbh3&#8243; title_font=\u00bbCormorant Garamond||||||||\u00bb title_text_color=\u00bb#FFFFFF\u00bb title_font_size=\u00bb23px\u00bb title_line_height=\u00bb1.3em\u00bb title_font_size_tablet=\u00bb22px\u00bb title_font_size_phone=\u00bb18px\u00bb title_font_size_last_edited=\u00bbon|phone\u00bb global_colors_info=\u00bb{}\u00bb][\/et_pb_heading][\/et_pb_column][et_pb_column type=\u00bb1_3&#8243; _builder_version=\u00bb4.27.4&#8243; _module_preset=\u00bbdefault\u00bb use_background_color_gradient=\u00bbon\u00bb background_color_gradient_stops=\u00bbrgba(255,255,255,0) 50%|rgba(0,0,0,0.4) 100%\u00bb background_color_gradient_overlays_image=\u00bbon\u00bb background_image=\u00bbhttps:\/\/sacred-alquimia.com\/wp-content\/uploads\/2025\/10\/modulo-.jpg\u00bb custom_padding=\u00bb36vw|2vw|2vw|2vw|false|true\u00bb border_radii=\u00bbon|20px|20px|20px|20px\u00bb global_colors_info=\u00bb{}\u00bb custom_padding__hover_enabled=\u00bbon|desktop\u00bb custom_padding__hover=\u00bb35vw||3vw||false|true\u00bb][et_pb_heading title=\u00bbM\u00f3dulo 5: Placer como Camino Espiritual\u00bb _builder_version=\u00bb4.27.4&#8243; _module_preset=\u00bb_initial\u00bb title_level=\u00bbh3&#8243; title_font=\u00bbCormorant Garamond||||||||\u00bb title_text_color=\u00bb#FFFFFF\u00bb title_font_size=\u00bb23px\u00bb title_line_height=\u00bb1.3em\u00bb title_font_size_tablet=\u00bb22px\u00bb title_font_size_phone=\u00bb18px\u00bb title_font_size_last_edited=\u00bbon|phone\u00bb global_colors_info=\u00bb{}\u00bb][\/et_pb_heading][\/et_pb_column][et_pb_column type=\u00bb1_3&#8243; _builder_version=\u00bb4.27.4&#8243; _module_preset=\u00bbdefault\u00bb background_enable_image=\u00bboff\u00bb custom_padding=\u00bb36vw|2vw|2vw|2vw|false|true\u00bb border_radii=\u00bbon|20px|20px|20px|20px\u00bb global_colors_info=\u00bb{}\u00bb custom_padding__hover_enabled=\u00bbon|desktop\u00bb custom_padding__hover=\u00bb35vw||3vw||false|true\u00bb][\/et_pb_column][\/et_pb_row][\/et_pb_section][et_pb_section fb_built=\u00bb1&#8243; _builder_version=\u00bb4.27.4&#8243; _module_preset=\u00bbdefault\u00bb background_image=\u00bbhttps:\/\/sacred-alquimia.com\/wp-content\/uploads\/2025\/10\/CURSO-EN-LINEA-DESCIPCION-DEL-CURSO-1-Y-2-1.png\u00bb custom_padding=\u00bb167px|||||\u00bb global_colors_info=\u00bb{}\u00bb][et_pb_row _builder_version=\u00bb4.27.4&#8243; _module_preset=\u00bbdefault\u00bb global_colors_info=\u00bb{}\u00bb][et_pb_column type=\u00bb4_4&#8243; _builder_version=\u00bb4.27.4&#8243; _module_preset=\u00bbdefault\u00bb background_color=\u00bbgcid-c2e9a00f-076e-45b6-abc2-26179009b8e1&#8243; custom_padding=\u00bb45px|44px|45px|44px|true|true\u00bb border_radii=\u00bbon|31px|31px|31px|31px\u00bb global_colors_info=\u00bb{%22gcid-c2e9a00f-076e-45b6-abc2-26179009b8e1%22:%91%22background_color%22%93}\u00bb][et_pb_heading title=\u00bbOpci\u00f3n 1: Curso Autoguiado\u00bb _builder_version=\u00bb4.27.4&#8243; _module_preset=\u00bbdefault\u00bb title_font=\u00bbCormorant Garamond||||||||\u00bb title_text_align=\u00bbcenter\u00bb title_text_color=\u00bbgcid-4c84ca0d-f402-457c-97ad-68c302d323b8&#8243; title_font_size=\u00bb44px\u00bb custom_margin=\u00bb||16px|||\u00bb locked=\u00bboff\u00bb global_colors_info=\u00bb{%22gcid-4c84ca0d-f402-457c-97ad-68c302d323b8%22:%91%22title_text_color%22%93}\u00bb][\/et_pb_heading][et_pb_image src=\u00bbhttps:\/\/sacred-alquimia.com\/wp-content\/uploads\/2025\/09\/image.png\u00bb title_text=\u00bbimage\u00bb align=\u00bbcenter\u00bb _builder_version=\u00bb4.27.4&#8243; _module_preset=\u00bbdefault\u00bb width=\u00bb46%\u00bb global_colors_info=\u00bb{}\u00bb][\/et_pb_image][et_pb_text _builder_version=\u00bb4.27.4&#8243; _module_preset=\u00bbdefault\u00bb text_font=\u00bbLato|300|||||||\u00bb text_text_color=\u00bbgcid-a3bf08d8-de76-476c-8d8a-ff538d9d5fd2&#8243; text_font_size=\u00bb20px\u00bb text_line_height=\u00bb1.5em\u00bb text_orientation=\u00bbcenter\u00bb custom_padding=\u00bb|50px||50px|false|false\u00bb border_color_left=\u00bb#FFFFFF\u00bb locked=\u00bboff\u00bb global_colors_info=\u00bb{%22gcid-a3bf08d8-de76-476c-8d8a-ff538d9d5fd2%22:%91%22text_text_color%22%93}\u00bb]<\/p>\n<p><strong>Este curso es para ti si quieres hacerlo a tu propio ritmo Ideal si prefieres una experiencia m\u00e1s introspectiva y econ\u00f3mica, pero profunda.<\/strong><\/p>\n<p><strong><span style=\"color: #993300;\">COSTO $55 USD<\/span><\/strong><\/p>\n<p>Acceso a todos los videos y materiales del curso<\/p>\n<p>Meditaciones semanales guiadas<\/p>\n<p>Ejercicios som\u00e1ticos y de respiraci\u00f3n<\/p>\n<p>Acceso por 3 meses<\/p>\n<p>Acceso a grupo de apoyo Whats app<\/p>\n<p>[\/et_pb_text][et_pb_button button_url=\u00bbhttps:\/\/buy.stripe.com\/bJe6oGh0Gd5RdEV3Jp7AI00&#8243; button_text=\u00bbCOMPRAR CURSO\u00bb button_alignment=\u00bbcenter\u00bb _builder_version=\u00bb4.27.4&#8243; _module_preset=\u00bbdefault\u00bb custom_button=\u00bbon\u00bb button_text_size=\u00bb18px\u00bb button_text_color=\u00bbgcid-4c84ca0d-f402-457c-97ad-68c302d323b8&#8243; button_font=\u00bbLato||||||||\u00bb locked=\u00bboff\u00bb global_colors_info=\u00bb{%22gcid-4c84ca0d-f402-457c-97ad-68c302d323b8%22:%91%22button_text_color%22%93}\u00bb][\/et_pb_button][\/et_pb_column][\/et_pb_row][et_pb_row _builder_version=\u00bb4.27.4&#8243; _module_preset=\u00bbdefault\u00bb global_colors_info=\u00bb{}\u00bb][et_pb_column type=\u00bb4_4&#8243; _builder_version=\u00bb4.27.4&#8243; _module_preset=\u00bbdefault\u00bb background_color=\u00bbgcid-c2e9a00f-076e-45b6-abc2-26179009b8e1&#8243; custom_padding=\u00bb45px|44px|45px|44px|true|true\u00bb border_radii=\u00bbon|31px|31px|31px|31px\u00bb global_colors_info=\u00bb{%22gcid-c2e9a00f-076e-45b6-abc2-26179009b8e1%22:%91%22background_color%22%93}\u00bb][et_pb_heading title=\u00bbOpci\u00f3n 2: Curso + Acompa\u00f1amiento Personal\u00bb _builder_version=\u00bb4.27.4&#8243; _module_preset=\u00bbdefault\u00bb title_font=\u00bbCormorant Garamond||||||||\u00bb title_text_align=\u00bbcenter\u00bb title_text_color=\u00bbgcid-4c84ca0d-f402-457c-97ad-68c302d323b8&#8243; title_font_size=\u00bb44px\u00bb custom_margin=\u00bb||16px|||\u00bb locked=\u00bboff\u00bb global_colors_info=\u00bb{%22gcid-4c84ca0d-f402-457c-97ad-68c302d323b8%22:%91%22title_text_color%22%93}\u00bb][\/et_pb_heading][et_pb_image src=\u00bbhttps:\/\/sacred-alquimia.com\/wp-content\/uploads\/2025\/09\/image.png\u00bb title_text=\u00bbimage\u00bb align=\u00bbcenter\u00bb _builder_version=\u00bb4.27.4&#8243; _module_preset=\u00bbdefault\u00bb width=\u00bb46%\u00bb locked=\u00bboff\u00bb global_colors_info=\u00bb{}\u00bb][\/et_pb_image][et_pb_text _builder_version=\u00bb4.27.5&#8243; _module_preset=\u00bbdefault\u00bb text_font=\u00bbLato|300|||||||\u00bb text_text_color=\u00bbgcid-a3bf08d8-de76-476c-8d8a-ff538d9d5fd2&#8243; text_font_size=\u00bb20px\u00bb text_line_height=\u00bb1.5em\u00bb text_orientation=\u00bbcenter\u00bb custom_padding=\u00bb|50px||50px|false|false\u00bb hover_enabled=\u00bb0&#8243; border_color_left=\u00bb#FFFFFF\u00bb locked=\u00bboff\u00bb global_colors_info=\u00bb{%22gcid-a3bf08d8-de76-476c-8d8a-ff538d9d5fd2%22:%91%22text_text_color%22%93}\u00bb sticky_enabled=\u00bb0&#8243;]<strong><span style=\"color: #993300;\">Fecha del siguiente acompa\u00f1amiento: 15 de febrero 2026<\/span><\/strong><\/p>\n<p><strong>Para quienes desean una experiencia m\u00e1s cercana. Tendr\u00e1s acceso a 5 llamadas grupales semanales en vivo conmigo, donde podr\u00e1s compartir tu proceso, resolver dudas y recibir gu\u00eda directa.<\/strong><\/p>\n<p><strong><span style=\"color: #993300;\">COSTO $155 USD<\/span><\/strong><\/p>\n<p>Todo el contenido del Curso Autoguiado<br \/>\n5 llamadas grupales en vivo conmigo (1 por semana)<\/p>\n<p>Espacio para compartir, integrar y recibir gu\u00eda directa<\/p>\n<p>Acceso a grupo de apoyo Whatsapp<\/p>\n<p>Grabaciones disponibles si no puedes asistir en vivo[\/et_pb_text][et_pb_button button_url=\u00bbhttps:\/\/buy.stripe.com\/5kQ4gy8ua8PB0S9cfV7AI01&#8243; button_text=\u00bbCOMPRAR CURSO\u00bb button_alignment=\u00bbcenter\u00bb _builder_version=\u00bb4.27.4&#8243; _module_preset=\u00bbdefault\u00bb custom_button=\u00bbon\u00bb button_text_size=\u00bb18px\u00bb button_text_color=\u00bbgcid-4c84ca0d-f402-457c-97ad-68c302d323b8&#8243; button_font=\u00bbLato||||||||\u00bb locked=\u00bboff\u00bb global_colors_info=\u00bb{%22gcid-4c84ca0d-f402-457c-97ad-68c302d323b8%22:%91%22button_text_color%22%93}\u00bb][\/et_pb_button][\/et_pb_column][\/et_pb_row][et_pb_row _builder_version=\u00bb4.27.5&#8243; _module_preset=\u00bbdefault\u00bb][et_pb_column _builder_version=\u00bb4.27.5&#8243; _module_preset=\u00bbdefault\u00bb type=\u00bb4_4&#8243;][et_pb_image src=\u00bbhttps:\/\/sacred-alquimia.com\/wp-content\/uploads\/2026\/01\/Brown-Photo-Centric-Holi-Festival-Sale-Website-banner.png\u00bb _builder_version=\u00bb4.27.5&#8243; _module_preset=\u00bbdefault\u00bb title_text=\u00bbBrown Photo Centric Holi Festival Sale Website banner\u00bb border_radii=\u00bbon|18px|18px|18px|18px\u00bb box_shadow_style=\u00bbpreset3&#8243; url=\u00bbhttps:\/\/www.whatsapp.com\/channel\/0029Vb6fPN4Id7nHZ1SYAT2H\u00bb url_new_window=\u00bbon\u00bb hover_enabled=\u00bb0&#8243; sticky_enabled=\u00bb0&#8243;][\/et_pb_image][\/et_pb_column][\/et_pb_row][\/et_pb_section][et_pb_section fb_built=\u00bb1&#8243; _builder_version=\u00bb4.27.4&#8243; _module_preset=\u00bbdefault\u00bb global_colors_info=\u00bb{}\u00bb][et_pb_row _builder_version=\u00bb4.27.4&#8243; _module_preset=\u00bbdefault\u00bb width=\u00bb100%\u00bb global_colors_info=\u00bb{}\u00bb][et_pb_column type=\u00bb4_4&#8243; _builder_version=\u00bb4.27.4&#8243; _module_preset=\u00bbdefault\u00bb global_colors_info=\u00bb{}\u00bb][et_pb_text _builder_version=\u00bb4.27.4&#8243; _module_preset=\u00bbdefault\u00bb text_font=\u00bbCormorant Garamond||||||||\u00bb text_text_color=\u00bbgcid-4c84ca0d-f402-457c-97ad-68c302d323b8&#8243; text_font_size=\u00bb49px\u00bb text_line_height=\u00bb1em\u00bb text_orientation=\u00bbcenter\u00bb global_colors_info=\u00bb{%22gcid-4c84ca0d-f402-457c-97ad-68c302d323b8%22:%91%22text_text_color%22%93}\u00bb]<\/p>\n<p>Una vez que te inscribas, recibir\u00e1s el <em><strong>link de Zoom<\/strong><\/em> directamente para que puedas unirte a este c\u00edrculo tan especial.<\/p>\n<p>[\/et_pb_text][et_pb_text _builder_version=\u00bb4.27.4&#8243; _module_preset=\u00bbdefault\u00bb text_font=\u00bbCormorant Garamond||||||||\u00bb text_text_color=\u00bbgcid-02ff4636-89cf-4dd6-a713-949822c426ba\u00bb text_font_size=\u00bb49px\u00bb text_line_height=\u00bb1em\u00bb text_orientation=\u00bbcenter\u00bb global_colors_info=\u00bb{%22gcid-02ff4636-89cf-4dd6-a713-949822c426ba%22:%91%22text_text_color%22%93}\u00bb]<\/p>\n<p><span style=\"font-weight: 400;\">\u00a1Estoy feliz de acompa\u00f1arte en este viaje!\u00a0<\/span><\/p>\n<p>[\/et_pb_text][\/et_pb_column][\/et_pb_row][\/et_pb_section]<\/p>\n","protected":false},"excerpt":{"rendered":"<p>Sum\u00e9rgete en el mundo de Sacred Alquimia un mundo profundo y delicioso: cursos, talleres y experiencias guiadas que despiertan tu sensualidad, nutren tu alma y enciende tu poder interior.Conecta con tu cuerpo y tu sexualidadEs un curso en l\u00ednea transformacional dise\u00f1ado para mujeres que desean reconectarse profundamente con su cuerpo, su sexualidad, su creatividad y [&hellip;]<\/p>\n","protected":false},"author":1,"featured_media":0,"parent":0,"menu_order":0,"comment_status":"closed","ping_status":"closed","template":"","meta":{"_et_pb_use_builder":"on","_et_pb_old_content":"","_et_gb_content_width":"","footnotes":""},"class_list":["post-2557","page","type-page","status-publish","hentry"],"_links":{"self":[{"href":"https:\/\/sacred-alquimia.com\/en\/wp-json\/wp\/v2\/pages\/2557","targetHints":{"allow":["GET"]}}],"collection":[{"href":"https:\/\/sacred-alquimia.com\/en\/wp-json\/wp\/v2\/pages"}],"about":[{"href":"https:\/\/sacred-alquimia.com\/en\/wp-json\/wp\/v2\/types\/page"}],"author":[{"embeddable":true,"href":"https:\/\/sacred-alquimia.com\/en\/wp-json\/wp\/v2\/users\/1"}],"replies":[{"embeddable":true,"href":"https:\/\/sacred-alquimia.com\/en\/wp-json\/wp\/v2\/comments?post=2557"}],"version-history":[{"count":35,"href":"https:\/\/sacred-alquimia.com\/en\/wp-json\/wp\/v2\/pages\/2557\/revisions"}],"predecessor-version":[{"id":2801,"href":"https:\/\/sacred-alquimia.com\/en\/wp-json\/wp\/v2\/pages\/2557\/revisions\/2801"}],"wp:attachment":[{"href":"https:\/\/sacred-alquimia.com\/en\/wp-json\/wp\/v2\/media?parent=2557"}],"curies":[{"name":"wp","href":"https:\/\/api.w.org\/{rel}","templated":true}]}}